{"id":823,"date":"2023-02-09T22:09:49","date_gmt":"2023-02-09T19:09:49","guid":{"rendered":"https:\/\/sector1gallery.com\/projects\/?page_id=823"},"modified":"2023-03-06T14:08:51","modified_gmt":"2023-03-06T11:08:51","slug":"understanding-the-norwegian-art-scene","status":"publish","type":"page","link":"https:\/\/sector1gallery.com\/projects\/ro\/understanding-the-norwegian-art-scene\/","title":{"rendered":"Understanding the Norwegian Art Scene"},"content":{"rendered":"<div class=\"bm-builder clearfix\"><div id=\"\" class=\"module col-12 module-id-167596976733\" data-module-col=\"12\"><div class=\"module-inside single-image-inside\" style=\"--top-mod: 0px;--bottom-mod: 40px;--top-mod-t: 0px;--bottom-mod-t: 40px;--top-mod-m:0px;--bottom-mod-m:20px;\" ><div class=\"single-image-out\"  ><figure class=\"single-image   single-image-full\" no><div class=\"ux-hover-wrap anima-wrap\" style=\"padding-top: 52.373158756137%;\"><span class=\"ux-hover-wrap-a\"><img loading=\"lazy\" decoding=\"async\" alt=\"318328239_572777888186758_3148942890406437511_n\" class=\"single-image-img img1st lazy\" src=\"data:image\/gif;base64,R0lGODlhAQABAIAAAAAAAP\/\/\/yH5BAEAAAAALAAAAAABAAEAAAIBRAA7\" data-src=\"https:\/\/sector1gallery.com\/projects\/wp-content\/uploads\/2023\/02\/318328239_572777888186758_3148942890406437511_n.jpg\" data-srcset=\"https:\/\/sector1gallery.com\/projects\/wp-content\/uploads\/2023\/02\/318328239_572777888186758_3148942890406437511_n.jpg 1833w, https:\/\/sector1gallery.com\/projects\/wp-content\/uploads\/2023\/02\/318328239_572777888186758_3148942890406437511_n-300x157.jpg 300w, https:\/\/sector1gallery.com\/projects\/wp-content\/uploads\/2023\/02\/318328239_572777888186758_3148942890406437511_n-1024x536.jpg 1024w, https:\/\/sector1gallery.com\/projects\/wp-content\/uploads\/2023\/02\/318328239_572777888186758_3148942890406437511_n-768x402.jpg 768w, https:\/\/sector1gallery.com\/projects\/wp-content\/uploads\/2023\/02\/318328239_572777888186758_3148942890406437511_n-1536x804.jpg 1536w, https:\/\/sector1gallery.com\/projects\/wp-content\/uploads\/2023\/02\/318328239_572777888186758_3148942890406437511_n-350x183.jpg 350w, https:\/\/sector1gallery.com\/projects\/wp-content\/uploads\/2023\/02\/318328239_572777888186758_3148942890406437511_n-650x340.jpg 650w, https:\/\/sector1gallery.com\/projects\/wp-content\/uploads\/2023\/02\/318328239_572777888186758_3148942890406437511_n-1000x524.jpg 1000w, https:\/\/sector1gallery.com\/projects\/wp-content\/uploads\/2023\/02\/318328239_572777888186758_3148942890406437511_n-600x314.jpg 600w\" data-sizes=\"(max-width: 480px) 320px,(max-width: 767px) 500px,(max-width: 1833px) 100vw, 1833px\" width=\"1833\" height=\"960\" \/><\/span><\/div><\/figure><\/div><\/div><\/div><div id=\"\" class=\"module col-12 module-id-167596976775 bm-wrap row-top row-left bm-wrap-height-auto\" data-module-col=\"12\" data-change-color=\"off\" data-backcolor=\"transparent\" data-frontcolor=\"\" data-logocolor=\"\" data-goto-top=\"off\" data-goto-top-spacing=\"0\" data-goto-disable-m=\"off\" data-groupsameheight=\"off\"><div class=\"module-inside group-inside\" style=\"--top-mod: 60px;--bottom-mod: 140px;--top-mod-t: 60px;--bottom-mod-t: 140px;--top-mod-m:30px;--bottom-mod-m:70px;\" ><div id=\"\" class=\"module col-12 module-id-1675969767119\" data-module-col=\"12\"><div class=\"module-inside text-inside\" style=\"--top-mod: 0px;--bottom-mod: 0px;--top-mod-t: 0px;--bottom-mod-t: 0px;--top-mod-m:0px;--bottom-mod-m:0px;\" ><div class=\"text_block_out\"  data-effect=\"standard\" style=\"\"><div class=\"text_block ux-mod-nobg\"><div class=\"text_block_inn\"><div id=\"text-1675969767119\" class=\"text_block_centered text_block_centered_enable_width\"  style=\"\"><h1 style=\"text-align: center;\"><span style=\"font-size: 7vw;\">Understanding the Norwegian Art Scene with Steffen H\u00e5ndlykken<\/span><\/h1><\/div><\/div><\/div><\/div><\/div><\/div><div id=\"\" class=\"module col-12 module-id-1675969767180 col-offset-0\" data-module-col=\"12\"><div class=\"module-inside text-inside\" style=\"--top-mod: 40px;--bottom-mod: 20px;--top-mod-t: 40px;--bottom-mod-t: 20px;--top-mod-m:20px;--bottom-mod-m:10px;\" ><div class=\"text_block_out\"  data-effect=\"standard\" style=\"\"><div class=\"text_block ux-mod-nobg\"><div class=\"text_block_inn\"><div id=\"text-1675969767180\" class=\"text_block_centered text_block_centered_enable_width\"  style=\"\"><p style=\"text-align: center;\"><a href=\"https:\/\/us02web.zoom.us\/...\/tZMrde\"><span style=\"font-weight: 400;\">Eveniment Zoom<\/span><\/a><\/p><\/div><\/div><\/div><\/div><\/div><\/div><div id=\"\" class=\"module col-12 module-id-1675969767271 col-offset-0\" data-module-col=\"12\"><div class=\"module-inside text-inside\" style=\"--top-mod: 0px;--bottom-mod: 0px;--top-mod-t: 0px;--bottom-mod-t: 0px;--top-mod-m:0px;--bottom-mod-m:0px;\" ><div class=\"text_block_out\"  data-effect=\"standard\" style=\"\"><div class=\"text_block ux-mod-nobg\"><div class=\"text_block_inn\"><div id=\"text-1675969767271\" class=\"text_block_centered text_block_centered_enable_width\"  style=\"\"><p style=\"text-align: center;\">Joi, 13 Decembrie 2022<\/p>\n<p style=\"text-align: center;\">10.00-13.00 (UTC+3)<\/p><\/div><\/div><\/div><\/div><\/div><\/div><\/div><\/div><div id=\"\" class=\"module col-0 module-id-1675969767375\" data-module-col=\"0\"><div class=\"module-inside divide-inside\" style=\"--top-mod: 0px;--bottom-mod: 20px;--top-mod-t: 0px;--bottom-mod-t: 20px;--top-mod-m:0px;--bottom-mod-m:10px;\" ><div class=\"sea-divide divide-line ux-mod-nobg\" ><\/div><\/div><\/div><div id=\"\" class=\"module col-12 module-id-1675969767412\" data-module-col=\"12\"><div class=\"module-inside text-inside\" style=\"--top-mod: 60px;--bottom-mod: 80px;--top-mod-t: 60px;--bottom-mod-t: 80px;--top-mod-m:30px;--bottom-mod-m:40px;\" ><div class=\"text_block_out\"  data-effect=\"standard\" style=\"\"><div class=\"text_block ux-mod-nobg\"><div class=\"text_block_inn\"><div id=\"text-1675969767412\" class=\"text_block_centered text_block_centered_enable_width\"  style=\"\"><p>Webinarul ofer\u0103 o introducere \u00een scena artistic\u0103 norvegian\u0103: Cum este organizat\u0103, care este rolul sindicatelor arti\u0219tilor, care sunt principalele institu\u021bii, care sunt posibilit\u0103\u021bile de finan\u021bare?<\/p>\n<p>&nbsp;<\/p>\n<p>L-am invitat pe artist \u0219i pre\u0219edinte al organiza\u021biei de arti\u0219ti UKS (Unge kunstneres samfund \/ Young Artists\u2019 Society), Steffen H\u00e5ndlykken, care \u00een prezentarea sa va oferi o perspectiv\u0103 istoric\u0103 \u00een \u00een\u021belegerea scenei artistice norvegiene. El va discuta despre pilonii economiei artistului \u0219i despre modul \u00een care scena artistic\u0103 s-a deschis treptat c\u0103tre perspective regionale, europene \u0219i interna\u021bionale.<\/p>\n<p>&nbsp;<\/p>\n<p>Ce oportunit\u0103\u021bi le las\u0103 arti\u0219tilor \u00een Norvegia? \u0218i cum pot lucra \u0219i expune arti\u0219tii rom\u00e2ni \u00een Norvegia? H\u00e5ndlykken va oferi informa\u021bii despre oportunit\u0103\u021bi \u0219i posibilit\u0103\u021bi, dar va discuta \u0219i despre situa\u021bia veniturilor \u0219i condi\u021biile de munc\u0103 ale arti\u0219tilor din Norvegia \u0219i despre cum acestea pot fi \u00eembun\u0103t\u0103\u021bite prin organizare.<\/p>\n<p>&nbsp;<\/p>\n<p>&nbsp;<\/p><\/div><\/div><\/div><\/div><\/div><\/div><div id=\"\" class=\"module col-12 module-id-1675969767512\" data-module-col=\"12\"><div class=\"module-inside divide-inside\" style=\"--top-mod: 0px;--bottom-mod: 80px;--top-mod-t: 0px;--bottom-mod-t: 80px;--top-mod-m:0px;--bottom-mod-m:40px;\" ><div class=\"sea-divide divide-line ux-mod-nobg\" ><\/div><\/div><\/div><div id=\"\" class=\"module col-12 module-id-1675969767553\" data-module-col=\"12\"><div class=\"module-inside text-inside\" style=\"--top-mod: 0px;--bottom-mod: 40px;--top-mod-t: 0px;--bottom-mod-t: 40px;--top-mod-m:0px;--bottom-mod-m:20px;\" ><div class=\"text_block_out\"  data-effect=\"standard\" style=\"\"><div class=\"text_block ux-mod-nobg\"><div class=\"text_block_inn\"><div id=\"text-1675969767553\" class=\"text_block_centered text_block_centered_enable_width\"  style=\"\"><h3>Artist<\/h3><\/div><\/div><\/div><\/div><\/div><\/div><div id=\"\" class=\"module col-12 module-id-1675969767661 bm-wrap row-top row-left bm-wrap-height-auto\" data-module-col=\"12\" data-change-color=\"off\" data-backcolor=\"transparent\" data-frontcolor=\"\" data-logocolor=\"\" data-goto-top=\"off\" data-goto-top-spacing=\"0\" data-goto-disable-m=\"off\" data-groupsameheight=\"off\"><div class=\"module-inside group-inside\" style=\"--top-mod: 0px;--bottom-mod: 80px;--top-mod-t: 0px;--bottom-mod-t: 80px;--top-mod-m:0px;--bottom-mod-m:40px;\" ><div id=\"\" class=\"module col-12 module-id-167596976727104\" data-module-col=\"12\"><div class=\"module-inside text-inside\" style=\"--top-mod: 0px;--bottom-mod: 0px;--top-mod-t: 0px;--bottom-mod-t: 0px;--top-mod-m:0px;--bottom-mod-m:0px;\" ><div class=\"text_block_out\"  data-effect=\"standard\" style=\"\"><div class=\"text_block ux-mod-nobg\"><div class=\"text_block_inn\"><div id=\"text-167596976727104\" class=\"text_block_centered text_block_centered_enable_width\"  style=\"\"><p>Steffen H\u00e5ndlykken este artist \u0219i pre\u0219edinte al organiza\u021biei de arti\u0219ti UKS din 2020. El a absolvit Academia Na\u021bional\u0103 de Arte din Oslo, unde a f\u0103cut parte din ultimul grup de studen\u021bi care a absolvit Institutul pentru Culoare. \u00cen 2010 a fondat spa\u021biul expozi\u021bional 1857 cu Stian Eide Kluge, care a prezentat tineri arti\u0219ti interna\u021bionali \u00eentr-un fost depozit de cherestea din zona Gr\u00f8nland din Oslo, precum \u0219i \u00een diverse alte loca\u021bii. A fost curatorul celei de-a 9-a Bienale de Sculptur\u0103 Norvegian\u0103 la Muzeul Vigeland \u00een 2017 \u0219i a scris pentru kunstkritikk.no, Billedkunst \u0219i a fost editor pentru UKS \u2013 forum for samtidskunst.<\/p>\n<p>VISP este o organiza\u021bie de networking pentru artele vizuale din Bergen, Norvegia, care lucreaz\u0103 pentru a \u00eembun\u0103t\u0103\u021bi \u0219i a facilita condi\u021biile pentru producerea \u0219i diseminarea artelor vizuale.<\/p><\/div><\/div><\/div><\/div><\/div><\/div><\/div><\/div><div id=\"\" class=\"module col-12 module-id-1675970122157poY4J\" data-module-col=\"12\"><div class=\"module-inside divide-inside\" style=\"--top-mod: 0px;--bottom-mod: 80px;--top-mod-t: 0px;--bottom-mod-t: 80px;--top-mod-m:0px;--bottom-mod-m:40px;\" ><div class=\"sea-divide divide-line ux-mod-nobg\" ><\/div><\/div><\/div><div id=\"\" class=\"module col-12 module-id-1675970132926A0Kg_\" data-module-col=\"12\"><div class=\"module-inside text-inside\" style=\"--top-mod: 0px;--bottom-mod: 40px;--top-mod-t: 0px;--bottom-mod-t: 40px;--top-mod-m:0px;--bottom-mod-m:20px;\" ><div class=\"text_block_out\"  data-effect=\"standard\" style=\"\"><div class=\"text_block ux-mod-nobg\"><div class=\"text_block_inn\"><div id=\"text-1675970132926A0Kg_\" class=\"text_block_centered text_block_centered_enable_width\"  style=\"\"><h3>Despre organizatori<\/h3><\/div><\/div><\/div><\/div><\/div><\/div><div id=\"\" class=\"module col-12 module-id-1675970177923TIbCy\" data-module-col=\"12\"><div class=\"module-inside text-inside\" style=\"--top-mod: 0px;--bottom-mod: 0px;--top-mod-t: 0px;--bottom-mod-t: 0px;--top-mod-m:0px;--bottom-mod-m:0px;\" ><div class=\"text_block_out\"  data-effect=\"standard\" style=\"\"><div class=\"text_block ux-mod-nobg\"><div class=\"text_block_inn\"><div id=\"text-1675970177923TIbCy\" class=\"text_block_centered text_block_centered_enable_width\"  style=\"\"><p>VISP reprezint\u0103 \u00eentreaga comunitate creativ\u0103 din cadrul artelor vizuale, inclusiv arti\u0219ti, galerii, institu\u021bii, produc\u0103tori, curatori, critici \u0219i furnizori de materiale \u0219i servicii, calitatea de membru din cadrul organiza\u021biei fiind gratuit\u0103.<\/p>\n<p>&nbsp;<\/p>\n<p>\u00cenfiin\u021bat\u0103 \u00een 2017, Galeria Sector 1 a dezvoltat un program bazat \u00een principal pe expunerea arti\u0219tilor contemporani forma\u021bi \u00een contextul puternicei comunit\u0103\u021bi artistice de la Cluj \u0219i pe reprezentarea patrimoniilor c\u00e2torva arti\u0219ti rom\u00e2ni post-avangardi\u0219ti. Prin expozi\u021biile organizate, galeria a reu\u0219it s\u0103 provoace direc\u021biile care stau la baza picturii, desenului, sculpturii \u0219i instala\u021biei \/ obiectului. \u00cen prezent, galeria se concentreaz\u0103 pe dezvoltarea unui program divers care s\u0103 (re)prezinte talentele emergente, precum \u0219i arti\u0219ti consacra\u021bi, rom\u00e2ni \u0219i interna\u021bionali.<\/p><\/div><\/div><\/div><\/div><\/div><\/div><div id=\"\" class=\"module col-12 module-id-1675970176173PU3ry bm-wrap row-top row-left bm-wrap-height-auto\" data-module-col=\"12\" data-change-color=\"off\" data-backcolor=\"transparent\" data-frontcolor=\"\" data-logocolor=\"\" data-goto-top=\"off\" data-goto-top-spacing=\"0\" data-goto-disable-m=\"off\" data-groupsameheight=\"off\"><div class=\"module-inside group-inside\" style=\"--top-mod: 0px;--bottom-mod: 80px;--top-mod-t: 0px;--bottom-mod-t: 80px;--top-mod-m:0px;--bottom-mod-m:40px;\" ><\/div><\/div><div id=\"\" class=\"module col-12 module-id-167596976820\" data-module-col=\"12\"><div class=\"module-inside divide-inside\" style=\"--top-mod: 0px;--bottom-mod: 20px;--top-mod-t: 0px;--bottom-mod-t: 20px;--top-mod-m:0px;--bottom-mod-m:10px;\" ><div class=\"sea-divide divide-line ux-mod-nobg\" ><\/div><\/div><\/div><div id=\"\" class=\"module col-12 module-id-167596976848 bm-wrap row-top row-left bm-wrap-height-auto\" data-module-col=\"12\" data-change-color=\"off\" data-backcolor=\"transparent\" data-frontcolor=\"\" data-logocolor=\"\" data-goto-top=\"off\" data-goto-top-spacing=\"0\" data-goto-disable-m=\"off\" data-groupsameheight=\"off\"><div class=\"module-inside group-inside\" style=\"--top-mod: 0px;--bottom-mod: 80px;--top-mod-t: 0px;--bottom-mod-t: 80px;--top-mod-m:0px;--bottom-mod-m:40px;\" ><div id=\"\" class=\"module col-12 module-id-1675969768108\" data-module-col=\"12\"><div class=\"module-inside text-inside\" style=\"--top-mod: 0px;--bottom-mod: 0px;--top-mod-t: 0px;--bottom-mod-t: 0px;--top-mod-m:0px;--bottom-mod-m:0px;\" ><div class=\"text_block_out\"  data-effect=\"standard\" style=\"\"><div class=\"text_block ux-mod-nobg\"><div class=\"text_block_inn\"><div id=\"text-1675969768108\" class=\"text_block_centered text_block_centered_enable_width\"  style=\"\"><p>Proiect finan\u021bat prin Granturile SEE 2014 \u2013 2021 \u00een cadrul Programului RO-CULTURA. Bugetul total al proiectului este 217.146 euro, din care valoarea sprijinului financiar nerambursabil este 195.431 euro.<\/p>\n<p>Acest proiect este finan\u021bat cu sprijinul granturilor SEE 2014 - 2021 \u00een cadrul Programului RO-CULTURA.<\/p>\n<p>&nbsp;<\/p>\n<p>Granturile SEE reprezint\u0103 contribu\u021bia Islandei, a Liechtensteinului \u0219i a Norvegiei la o Europ\u0103 ecologic\u0103, competitiv\u0103 \u0219i favorabil\u0103 incluziunii.<\/p>\n<p>Exist\u0103 dou\u0103 obiective generale: reducerea disparit\u0103\u021bilor economice \u0219i sociale \u00een Europa \u0219i consolidarea rela\u021biilor bilaterale \u00eentre \u021b\u0103rile donatoare \u0219i cele 15 \u021b\u0103ri UE din Europa Central\u0103 \u0219i de Sud \u0219i din \u021b\u0103rile baltice.<\/p>\n<p>Aceste mecanisme de finan\u021bare sunt stabilite \u00een baza Acordului privind Spa\u021biul Economic European, ce reune\u0219te statele membre UE \u0219i Islanda, Liechtenstein \u0219i Norvegia ca parteneri egali pe pia\u021ba intern\u0103. \u00cen total, cele trei state au contribuit cu \u20ac3,3 miliarde \u00eentre 1994 \u0219i 2014 \u0219i \u20ac1,55 miliarde pentru perioada de finan\u021bare 2014-2021.<\/p>\n<p>&nbsp;<\/p>\n<p>Mai multe detalii sunt disponibile pe: www.eeagrants.org \u0219i www.eeagrants.ro.<\/p>\n<p>&nbsp;<\/p>\n<p>RO-CULTURA este implementat de Ministerul Culturii prin Unitatea de Management a Proiectului \u0219i are ca obiectiv general consolidarea dezvolt\u0103rii economice \u0219i sociale prin cooperare cultural\u0103, antreprenoriat cultural \u0219i managementul patrimoniului cultural. Bugetul Programului este de aproximativ 34 milioane de euro. Mai multe detalii sunt disponibile aici.<\/p><\/div><\/div><\/div><\/div><\/div><\/div><\/div><\/div><\/div>","protected":false},"excerpt":{"rendered":"<p>Understanding the Norwegian Art Scene with Steffen H\u00e5ndlykkenZoom EventThursday, 13 &hellip;<\/p>","protected":false},"author":2,"featured_media":0,"parent":0,"menu_order":0,"comment_status":"closed","ping_status":"closed","template":"","meta":{"inline_featured_image":false,"footnotes":""},"class_list":["post-823","page","type-page","status-publish","hentry"],"_links":{"self":[{"href":"https:\/\/sector1gallery.com\/projects\/ro\/wp-json\/wp\/v2\/pages\/823","targetHints":{"allow":["GET"]}}],"collection":[{"href":"https:\/\/sector1gallery.com\/projects\/ro\/wp-json\/wp\/v2\/pages"}],"about":[{"href":"https:\/\/sector1gallery.com\/projects\/ro\/wp-json\/wp\/v2\/types\/page"}],"author":[{"embeddable":true,"href":"https:\/\/sector1gallery.com\/projects\/ro\/wp-json\/wp\/v2\/users\/2"}],"replies":[{"embeddable":true,"href":"https:\/\/sector1gallery.com\/projects\/ro\/wp-json\/wp\/v2\/comments?post=823"}],"version-history":[{"count":3,"href":"https:\/\/sector1gallery.com\/projects\/ro\/wp-json\/wp\/v2\/pages\/823\/revisions"}],"predecessor-version":[{"id":982,"href":"https:\/\/sector1gallery.com\/projects\/ro\/wp-json\/wp\/v2\/pages\/823\/revisions\/982"}],"wp:attachment":[{"href":"https:\/\/sector1gallery.com\/projects\/ro\/wp-json\/wp\/v2\/media?parent=823"}],"curies":[{"name":"wp","href":"https:\/\/api.w.org\/{rel}","templated":true}]}}