{"id":374,"date":"2022-09-18T20:04:15","date_gmt":"2022-09-18T17:04:15","guid":{"rendered":"https:\/\/sector1gallery.com\/projects\/?page_id=374"},"modified":"2022-09-18T20:04:16","modified_gmt":"2022-09-18T17:04:16","slug":"artist-branding","status":"publish","type":"page","link":"http:\/\/sector1gallery.com\/projects\/ro\/artist-branding\/","title":{"rendered":"Artist Branding"},"content":{"rendered":"<div class=\"bm-builder clearfix\"><div id=\"\" class=\"module col-12 module-id-1663520586271\" data-module-col=\"12\"><div class=\"module-inside single-image-inside\" style=\"--top-mod: 0px;--bottom-mod: 40px;--top-mod-t: 0px;--bottom-mod-t: 40px;--top-mod-m:0px;--bottom-mod-m:20px;\" ><div class=\"single-image-out\"  ><figure class=\"single-image   single-image-full\" no><div class=\"ux-hover-wrap anima-wrap\" style=\"padding-top: 52.3125%;\"><span class=\"ux-hover-wrap-a\"><img loading=\"lazy\" decoding=\"async\" alt=\"Workshop I with Eamon O_Kane - Artist branding\" class=\"single-image-img img1st lazy\" src=\"data:image\/gif;base64,R0lGODlhAQABAIAAAAAAAP\/\/\/yH5BAEAAAAALAAAAAABAAEAAAIBRAA7\" data-src=\"https:\/\/sector1gallery.com\/projects\/wp-content\/uploads\/2022\/09\/Workshop-I-with-Eamon-O_Kane-Artist-branding.jpeg\" data-srcset=\"https:\/\/sector1gallery.com\/projects\/wp-content\/uploads\/2022\/09\/Workshop-I-with-Eamon-O_Kane-Artist-branding.jpeg 1600w, https:\/\/sector1gallery.com\/projects\/wp-content\/uploads\/2022\/09\/Workshop-I-with-Eamon-O_Kane-Artist-branding-300x157.jpeg 300w, https:\/\/sector1gallery.com\/projects\/wp-content\/uploads\/2022\/09\/Workshop-I-with-Eamon-O_Kane-Artist-branding-1024x536.jpeg 1024w, https:\/\/sector1gallery.com\/projects\/wp-content\/uploads\/2022\/09\/Workshop-I-with-Eamon-O_Kane-Artist-branding-768x402.jpeg 768w, https:\/\/sector1gallery.com\/projects\/wp-content\/uploads\/2022\/09\/Workshop-I-with-Eamon-O_Kane-Artist-branding-1536x804.jpeg 1536w, https:\/\/sector1gallery.com\/projects\/wp-content\/uploads\/2022\/09\/Workshop-I-with-Eamon-O_Kane-Artist-branding-350x183.jpeg 350w, https:\/\/sector1gallery.com\/projects\/wp-content\/uploads\/2022\/09\/Workshop-I-with-Eamon-O_Kane-Artist-branding-650x340.jpeg 650w, https:\/\/sector1gallery.com\/projects\/wp-content\/uploads\/2022\/09\/Workshop-I-with-Eamon-O_Kane-Artist-branding-1000x523.jpeg 1000w, https:\/\/sector1gallery.com\/projects\/wp-content\/uploads\/2022\/09\/Workshop-I-with-Eamon-O_Kane-Artist-branding-600x314.jpeg 600w\" data-sizes=\"(max-width: 480px) 320px,(max-width: 767px) 500px,(max-width: 1600px) 100vw, 1600px\" width=\"1600\" height=\"837\" \/><\/span><\/div><\/figure><\/div><\/div><\/div><div id=\"\" class=\"module col-12 module-id-1663520586436 bm-wrap row-top row-left bm-wrap-height-auto\" data-module-col=\"12\" data-change-color=\"off\" data-backcolor=\"transparent\" data-frontcolor=\"\" data-logocolor=\"\" data-goto-top=\"off\" data-goto-top-spacing=\"0\" data-goto-disable-m=\"off\" data-groupsameheight=\"off\"><div class=\"module-inside group-inside\" style=\"--top-mod: 60px;--bottom-mod: 140px;--top-mod-t: 60px;--bottom-mod-t: 140px;--top-mod-m:30px;--bottom-mod-m:70px;\" ><div id=\"\" class=\"module col-12 module-id-1663520586500\" data-module-col=\"12\"><div class=\"module-inside text-inside\" style=\"--top-mod: 0px;--bottom-mod: 0px;--top-mod-t: 0px;--bottom-mod-t: 0px;--top-mod-m:0px;--bottom-mod-m:0px;\" ><div class=\"text_block_out\"  data-effect=\"standard\" style=\"\"><div class=\"text_block ux-mod-nobg\"><div class=\"text_block_inn\"><div id=\"text-1663520586500\" class=\"text_block_centered text_block_centered_enable_width\"  style=\"\"><h1 style=\"text-align: center;\"><span style=\"font-size: 7vw;\">Artist Branding cu Eamon O'Kane<\/span><\/h1><\/div><\/div><\/div><\/div><\/div><\/div><div id=\"\" class=\"module col-12 module-id-1663520586552 col-offset-0\" data-module-col=\"12\"><div class=\"module-inside text-inside\" style=\"--top-mod: 40px;--bottom-mod: 20px;--top-mod-t: 40px;--bottom-mod-t: 20px;--top-mod-m:20px;--bottom-mod-m:10px;\" ><div class=\"text_block_out\"  data-effect=\"standard\" style=\"\"><div class=\"text_block ux-mod-nobg\"><div class=\"text_block_inn\"><div id=\"text-1663520586552\" class=\"text_block_centered text_block_centered_enable_width\"  style=\"\"><p style=\"text-align: center;\"><a href=\"https:\/\/www.facebook.com\/events\/291111439720977\/?\"><span style=\"font-weight: 400;\">Eveniment Facebook<\/span><\/a><\/p><\/div><\/div><\/div><\/div><\/div><\/div><div id=\"\" class=\"module col-12 module-id-1663520586608 col-offset-0\" data-module-col=\"12\"><div class=\"module-inside text-inside\" style=\"--top-mod: 0px;--bottom-mod: 0px;--top-mod-t: 0px;--bottom-mod-t: 0px;--top-mod-m:0px;--bottom-mod-m:0px;\" ><div class=\"text_block_out\"  data-effect=\"standard\" style=\"\"><div class=\"text_block ux-mod-nobg\"><div class=\"text_block_inn\"><div id=\"text-1663520586608\" class=\"text_block_centered text_block_centered_enable_width\"  style=\"\"><p style=\"text-align: center;\">20 Aprilie 2022<\/p><\/div><\/div><\/div><\/div><\/div><\/div><\/div><\/div><div id=\"\" class=\"module col-0 module-id-1663520586654\" data-module-col=\"0\"><div class=\"module-inside divide-inside\" style=\"--top-mod: 0px;--bottom-mod: 20px;--top-mod-t: 0px;--bottom-mod-t: 20px;--top-mod-m:0px;--bottom-mod-m:10px;\" ><div class=\"sea-divide divide-line ux-mod-nobg\" ><\/div><\/div><\/div><div id=\"\" class=\"module col-12 module-id-1663520826053VOTAi\" data-module-col=\"12\"><div class=\"module-inside text-inside\" style=\"--top-mod: 60px;--bottom-mod: 80px;--top-mod-t: 60px;--bottom-mod-t: 80px;--top-mod-m:30px;--bottom-mod-m:40px;\" ><div class=\"text_block_out\"  data-effect=\"standard\" style=\"\"><div class=\"text_block ux-mod-nobg\"><div class=\"text_block_inn\"><div id=\"text-1663520826053VOTAi\" class=\"text_block_centered text_block_centered_enable_width\"  style=\"\"><p><span style=\"font-weight: 400;\">Primul workshop va avea loc pe 20 aprilie, 13h-15h GMT+3, prin Zoom (\u00een englez\u0103).<\/span><\/p>\n<p>&nbsp;<\/p>\n<p><span style=\"font-weight: 400;\">Participarea la atelier este gratuit\u0103, dar este necesar\u0103 \u00eenregistrarea \u00een prealabil. Pentru a v\u0103 \u00eenregistra v\u0103 rug\u0103m s\u0103 folosi\u021bi <\/span><a href=\"https:\/\/us02web.zoom.us\/webinar\/register\/WN_1XihWR8oTIqySCsYFjH2mw?fbclid=IwAR0evwiBGCYH-xYDrAPXDF3A1xuJX3iYPdogErwySlJfQsTxxJZG4wqavP4\"><span style=\"font-weight: 400;\">acest link.<\/span><\/a><span style=\"font-weight: 400;\">.<\/span><\/p>\n<p><br><a href=\"http:\/\/sector1gallery.com\/projects\/ro\/\"><span style=\"font-weight: 400;\">Galeria Sector 1<\/span><\/a><span style=\"font-weight: 400;\"> (Bucure\u0219ti, Rom\u00e2nia) \u0219i <\/span><a href=\"https:\/\/visp.no\/\"><span style=\"font-weight: 400;\">VISP<\/span><\/a><span style=\"font-weight: 400;\"> \u2013 Produksjonsenhet for visuell kunst (Bergen, Norvegia) prezint\u0103 primul dintr-o serie de trei ateliere online despre antreprenoriat \u00een arte. Cele trei ateliere - Branding artist (I), Artist survival (II) \u0219i The Norwegian Contemporary Art Scene (III) vor oferi arti\u0219tilor, curatorilor \u0219i altor profesioni\u0219ti \u00een art\u0103 perspective \u0219i instrumente pentru a-\u0219i \u00eembun\u0103t\u0103\u021bi abilit\u0103\u021bile antreprenoriale.<\/span><\/p>\n<p>&nbsp;<\/p>\n<p><span style=\"font-weight: 400;\">O realitate obiectiv\u0103 a pie\u021bei de art\u0103 contemporan\u0103 este poten\u021bialul de brand al artistului. At\u00e2t galeriile, c\u00e2t \u0219i arti\u0219tii ar trebui s\u0103 lucreze \u00eempreun\u0103 pentru a dezv\u0103lui acele caracteristici care pot ajunge s\u0103 defineasc\u0103 propriul brand al artistului; ulterior elaborarea strategiilor de expunere, comunicare \u0219i cre\u0219tere a vizibilit\u0103\u021bii brandului artistului. Acest proces este dificil, dar esen\u021bial \u00een cre\u0219terea vizibilit\u0103\u021bii. Acest atelier eviden\u021biaz\u0103 poten\u021biale abord\u0103ri pentru a realiza acest lucru.<\/span><\/p>\n<p>&nbsp;<\/p>\n<p><span style=\"font-weight: 400;\">\u00cen timpul unei sesiuni de dou\u0103 ore, artistul \u0219i profesorul de art\u0103 vizual\u0103 \u0219i pictur\u0103 Eamon O'Kane va ghida participan\u021bii prin mai multe subiecte cheie legate de brandingul artistului. Atelierul este dedicat arti\u0219tilor de toate v\u00e2rstele \u0219i mediile, care ar dori s\u0103 descopere mai multe despre cum s\u0103 \u00ee\u0219i construiasc\u0103 \u0219i s\u0103 men\u021bin\u0103 un brand de artist. Sesiunea ofer\u0103 o abordare scurt\u0103 \u0219i condensat\u0103 a acestui subiect, oferind informa\u021bii \u0219i instrumente pentru a naviga \u00een brandingul artistului \u00een zilele noastre.<\/span><\/p>\n<p><span style=\"font-weight: 400;\">Atelierul va explora urm\u0103toarele subiecte: lucrul cu galeriile, cercetarea \u0219i monitorizarea brandului prin utilizarea resurselor online, incluz\u00e2nd Artfacts, Artsy, Artnet, Limna, extinderea branduluire\u021belelor sociale, men\u021binerea brandului\/site-ului \u0219i munca de arhiv\u0103, dezvoltarea \u0219i protejarea brandului de artist \u00een leg\u0103tur\u0103 cu expunerea \u0219i colaborarea cu muzee, galerii publice.<\/span><\/p><\/div><\/div><\/div><\/div><\/div><\/div><div id=\"\" class=\"module col-12 module-id-1663520586839\" data-module-col=\"12\"><div class=\"module-inside divide-inside\" style=\"--top-mod: 0px;--bottom-mod: 80px;--top-mod-t: 0px;--bottom-mod-t: 80px;--top-mod-m:0px;--bottom-mod-m:40px;\" ><div class=\"sea-divide divide-line ux-mod-nobg\" ><\/div><\/div><\/div><div id=\"\" class=\"module col-12 module-id-1663520586872\" data-module-col=\"12\"><div class=\"module-inside text-inside\" style=\"--top-mod: 0px;--bottom-mod: 40px;--top-mod-t: 0px;--bottom-mod-t: 40px;--top-mod-m:0px;--bottom-mod-m:20px;\" ><div class=\"text_block_out\"  data-effect=\"standard\" style=\"\"><div class=\"text_block ux-mod-nobg\"><div class=\"text_block_inn\"><div id=\"text-1663520586872\" class=\"text_block_centered text_block_centered_enable_width\"  style=\"\"><h3>Artist<\/h3><\/div><\/div><\/div><\/div><\/div><\/div><div id=\"\" class=\"module col-12 module-id-1663520586941 bm-wrap row-top row-left bm-wrap-height-auto\" data-module-col=\"12\" data-change-color=\"off\" data-backcolor=\"transparent\" data-frontcolor=\"\" data-logocolor=\"\" data-goto-top=\"off\" data-goto-top-spacing=\"0\" data-goto-disable-m=\"off\" data-groupsameheight=\"off\"><div class=\"module-inside group-inside\" style=\"--top-mod: 0px;--bottom-mod: 80px;--top-mod-t: 0px;--bottom-mod-t: 80px;--top-mod-m:0px;--bottom-mod-m:40px;\" ><div id=\"\" class=\"module col-12 module-id-166352058660804\" data-module-col=\"12\"><div class=\"module-inside text-inside\" style=\"--top-mod: 0px;--bottom-mod: 0px;--top-mod-t: 0px;--bottom-mod-t: 0px;--top-mod-m:0px;--bottom-mod-m:0px;\" ><div class=\"text_block_out\"  data-effect=\"standard\" style=\"\"><div class=\"text_block ux-mod-nobg\"><div class=\"text_block_inn\"><div id=\"text-166352058660804\" class=\"text_block_centered text_block_centered_enable_width\"  style=\"\"><p><b>Eamon O\u2019Kane<\/b><span style=\"font-weight: 400;\"> (n. 1974) este un artist irlandez care tr\u0103ie\u0219te \u0219i lucreaz\u0103 \u00een Norvegia \u0219i Danemarca. Din 2011, este profesor de art\u0103 vizual\u0103 \u0219i pictur\u0103 la Academia de Art\u0103, Universitatea din Bergen, Norvegia. Practica multidisciplinar\u0103 a lui O'Kane a fost \u00een mod constant atras\u0103 de contextele arhitecturale, fie \u00een lucr\u0103rile sale de instalare Froebel Studio care exploreaz\u0103 mediile de joc, fie \u00een lucr\u0103ri precum Glass House, care a prezentat un model la scar\u0103 a emblematicei Case de sticl\u0103 a lui Philip Johnson, expus\u0103 la California 101 din San Francisco \u0219i apoi la prima sa expozi\u021bie personal\u0103 de muzeu pentru a marca cea de-a 50-a aniversare a Muzeului Sheldon din Lincoln, Nebraska. O\u2019Kane a expus \u00een expozi\u021bii curatoriate de Dan Cameron, Lynne Cooke, Klaus Ottman, Salah M.Hassan, Jeremy Millar, Angelike Nollert, Yilmaz Dziewior \u0219i al\u021bii. A primit premiul Taylor Art Award, Tony O'Malley Award, un premiu Fulbright, un premiu deschis EV+A (Dan Cameron), reziden\u021ba IMMA la Dublin, bursa BSR la Roma, reziden\u021biatul CCI la Paris. \u0219i un grant al Funda\u021biei Pollock Krasner. El a fost preselectat pentru Premiul AIB, bursa de studio PS1 din New York \u0219i Premiul Jerwood pentru Desen din Londra. A avut peste 80 de expozi\u021bii personale la nivel interna\u021bional, inclusiv la New York, Londra, Berlin, Frankfurt, San Francisco, Los Angeles, Paris, Copenhaga, Oslo, Bergen, Dublin, Belfast \u0219i Cork. A participat la numeroase bienale, inclusiv EVA, Limerick, Lule\u00e5 Biennal, Norwegian Sculpture Biennal \u0219i Dublin Contemporary.<\/span><\/p><\/div><\/div><\/div><\/div><\/div><\/div><div id=\"\" class=\"module col-12 module-id-1663521138435v4nLH\" data-module-col=\"12\"><div class=\"module-inside text-inside\" style=\"--top-mod: 40px;--bottom-mod: 0px;--top-mod-t: 40px;--bottom-mod-t: 0px;--top-mod-m:20px;--bottom-mod-m:0px;\" ><div class=\"text_block_out\"  data-effect=\"standard\" style=\"\"><div class=\"text_block ux-mod-nobg\"><div class=\"text_block_inn\"><div id=\"text-1663521138435v4nLH\" class=\"text_block_centered text_block_centered_enable_width\"  style=\"\"><p><span style=\"font-weight: 400;\">www.eamonokane.com &#8211; <\/span><a href=\"http:\/\/www.kmd.uib.no\/en\"><span style=\"font-weight: 400;\">www.kmd.uib.no\/en<\/span><\/a><span style=\"font-weight: 400;\">&nbsp;<\/span><\/p>\n<p><a href=\"http:\/\/www.instagram.com\/okaneeamon\"><span style=\"font-weight: 400;\">www.instagram.com\/okaneeamon<\/span><\/a> <\/p><\/div><\/div><\/div><\/div><\/div><\/div><\/div><\/div><div id=\"\" class=\"module col-12 module-id-1663520587309\" data-module-col=\"12\"><div class=\"module-inside divide-inside\" style=\"--top-mod: 0px;--bottom-mod: 20px;--top-mod-t: 0px;--bottom-mod-t: 20px;--top-mod-m:0px;--bottom-mod-m:10px;\" ><div class=\"sea-divide divide-line ux-mod-nobg\" ><\/div><\/div><\/div><div id=\"\" class=\"module col-12 module-id-1663521172453fnvF- bm-wrap row-top row-left bm-wrap-height-auto\" data-module-col=\"12\" data-change-color=\"off\" data-backcolor=\"transparent\" data-frontcolor=\"\" data-logocolor=\"\" data-goto-top=\"off\" data-goto-top-spacing=\"0\" data-goto-disable-m=\"off\" data-groupsameheight=\"off\"><div class=\"module-inside group-inside\" style=\"--top-mod: 0px;--bottom-mod: 80px;--top-mod-t: 0px;--bottom-mod-t: 80px;--top-mod-m:0px;--bottom-mod-m:40px;\" ><div id=\"\" class=\"module col-12 module-id-1663521173279c6tMD\" data-module-col=\"12\"><div class=\"module-inside text-inside\" style=\"--top-mod: 0px;--bottom-mod: 0px;--top-mod-t: 0px;--bottom-mod-t: 0px;--top-mod-m:0px;--bottom-mod-m:0px;\" ><div class=\"text_block_out\"  data-effect=\"standard\" style=\"\"><div class=\"text_block ux-mod-nobg\"><div class=\"text_block_inn\"><div id=\"text-1663521173279c6tMD\" class=\"text_block_centered text_block_centered_enable_width\"  style=\"\"><p><span style=\"font-weight: 400;\">Acest workshop face parte din proiectul Valorificarea antreprenoriatului cultural \u0219i l\u0103rgirea publicului prin organizarea seriei de expozi\u021bii \"About Master and Media, the paradigm of bipolarity in contemporary art\" organizat \u00een perioada septembrie 2021 - august 2023 de Galeria Sector 1, Bucure\u0219ti \u00een colaborare cu VISP, Bergen.<\/span><\/p><\/div><\/div><\/div><\/div><\/div><\/div><\/div><\/div><\/div>","protected":false},"excerpt":{"rendered":"<p>Artist Branding with Eamon O&#39;KaneFacebook Event20 April 2022The first workshop &hellip;<\/p>","protected":false},"author":2,"featured_media":0,"parent":0,"menu_order":0,"comment_status":"closed","ping_status":"closed","template":"","meta":{"inline_featured_image":false,"footnotes":""},"class_list":["post-374","page","type-page","status-publish","hentry"],"_links":{"self":[{"href":"http:\/\/sector1gallery.com\/projects\/ro\/wp-json\/wp\/v2\/pages\/374","targetHints":{"allow":["GET"]}}],"collection":[{"href":"http:\/\/sector1gallery.com\/projects\/ro\/wp-json\/wp\/v2\/pages"}],"about":[{"href":"http:\/\/sector1gallery.com\/projects\/ro\/wp-json\/wp\/v2\/types\/page"}],"author":[{"embeddable":true,"href":"http:\/\/sector1gallery.com\/projects\/ro\/wp-json\/wp\/v2\/users\/2"}],"replies":[{"embeddable":true,"href":"http:\/\/sector1gallery.com\/projects\/ro\/wp-json\/wp\/v2\/comments?post=374"}],"version-history":[{"count":2,"href":"http:\/\/sector1gallery.com\/projects\/ro\/wp-json\/wp\/v2\/pages\/374\/revisions"}],"predecessor-version":[{"id":399,"href":"http:\/\/sector1gallery.com\/projects\/ro\/wp-json\/wp\/v2\/pages\/374\/revisions\/399"}],"wp:attachment":[{"href":"http:\/\/sector1gallery.com\/projects\/ro\/wp-json\/wp\/v2\/media?parent=374"}],"curies":[{"name":"wp","href":"https:\/\/api.w.org\/{rel}","templated":true}]}}