{"id":354,"date":"2022-09-18T19:50:38","date_gmt":"2022-09-18T16:50:38","guid":{"rendered":"https:\/\/sector1gallery.com\/projects\/?page_id=354"},"modified":"2022-09-18T20:38:33","modified_gmt":"2022-09-18T17:38:33","slug":"about","status":"publish","type":"page","link":"http:\/\/sector1gallery.com\/projects\/ro\/about\/","title":{"rendered":"Despre proiect"},"content":{"rendered":"<div class=\"bm-builder clearfix\"><div id=\"\" class=\"module col-12 module-id-1663519487656\" data-module-col=\"12\"><div class=\"module-inside text-inside\" style=\"--top-mod: 80px;--bottom-mod: 120px;--top-mod-t: 80px;--bottom-mod-t: 120px;--top-mod-m:40px;--bottom-mod-m:60px;\" ><div class=\"text_block_out\"  data-effect=\"standard\" style=\"\"><div class=\"text_block ux-mod-nobg\"><div class=\"text_block_inn\"><div id=\"text-1663519487656\" class=\"text_block_centered text_block_centered_enable_width\"  style=\"\"><h1 style=\"text-align: center;\">Despre proiect<\/h1><\/div><\/div><\/div><\/div><\/div><\/div><div id=\"\" class=\"module col-12 module-id-1663519488180\" data-module-col=\"12\"><div class=\"module-inside text-inside\" style=\"--top-mod: 80px;--bottom-mod: 0px;--top-mod-t: 80px;--bottom-mod-t: 0px;--top-mod-m:0px;--bottom-mod-m:0px;\" ><div class=\"text_block_out\"  data-effect=\"standard\" style=\"\"><div class=\"text_block ux-mod-nobg\"><div class=\"text_block_inn\"><div id=\"text-1663519488180\" class=\"text_block_centered text_block_centered_enable_width\"  style=\"\"><p><span style=\"font-size: 18px;\" data-msize=\"20px\" data-tsize=\"18px\"><b>Promotor de proiect:<\/b><span style=\"font-weight: 400;\">&nbsp;ARTE VENTURE PRODUCTION \u2013 Sector 1 Gallery<\/span><\/span><\/p>\n<p><span style=\"font-size: 18px;\" data-msize=\"20px\" data-tsize=\"18px\"><b>Partener de proiect:<\/b><span style=\"font-weight: 400;\">&nbsp;VISP, Norway<\/span><\/span><\/p>\n<p><span style=\"font-size: 18px;\" data-msize=\"20px\" data-tsize=\"18px\"><b>Valoarea total\u0103 a proiectului:<\/b><span style=\"font-weight: 400;\">&nbsp;1.068.684,61 Lei (<\/span><span style=\"font-weight: 400;\">217.146,11&nbsp;<\/span><span style=\"font-weight: 400;\">Euro<\/span><span style=\"font-weight: 400;\">)<\/span><\/span><\/p>\n<p><span style=\"font-size: 18px;\" data-msize=\"20px\" data-tsize=\"18px\"><b>Valoarea sprijinului financiar nerambursabil:<\/b><span style=\"font-weight: 400;\"> 961.816,15 Lei (<\/span><span style=\"font-weight: 400;\">195 431.50&nbsp;<\/span><span style=\"font-weight: 400;\">Euro)<\/span><\/span><\/p>\n<p>&nbsp;<\/p>\n<p><span style=\"font-size: 18px;\" data-msize=\"20px\" data-tsize=\"18px\"><b>Durat\u0103:<\/b><span style=\"font-weight: 400;\">&nbsp;24 months<\/span><\/span><\/p>\n<p><span style=\"font-size: 18px;\" data-msize=\"20px\" data-tsize=\"18px\"><b>Loca\u021bia de implementare:<\/b><span style=\"font-weight: 400;\">&nbsp;Bucure\u0219ti (Rom\u00e2nia) \u0219i Bergen (Norvegia)<\/span><\/span><\/p><\/div><\/div><\/div><\/div><\/div><\/div><div id=\"\" class=\"module col-12 module-id-1663519488348\" data-module-col=\"12\"><div class=\"module-inside text-inside\" style=\"--top-mod: 60px;--bottom-mod: 40px;--top-mod-t: 60px;--bottom-mod-t: 40px;--top-mod-m:30px;--bottom-mod-m:20px;\" ><div class=\"text_block_out\"  data-effect=\"standard\" style=\"\"><div class=\"text_block ux-mod-nobg\"><div class=\"text_block_inn\"><div id=\"text-1663519488348\" class=\"text_block_centered text_block_centered_enable_width\"  style=\"\"><p><span style=\"font-size: 18px;\" data-msize=\"18px\" data-tsize=\"18px\"><i><span style=\"font-weight: 400;\">\u00cembun\u0103t\u0103\u021birea antreprenoriatului cultural \u0219i a accesului la cultur\u0103 prin organzizarea seriei de expozi\u021bii ,,Despre Maestru \u0219i Medium, paradigma bipolarit\u0103\u021bii \u00een arta contemporan\u0103\u201d<\/span><\/i><\/span><\/p>\n<p>&nbsp;<\/p>\n<p><span style=\"font-weight: 400; font-size: 18px;\" data-msize=\"18px\" data-tsize=\"18px\">Pe parcursul unei perioade de 2 ani, Arte Venture Production \u00een colaborare cu organiza\u021bia pentru arte vizuale VISP din Norvegia, va dezvolta un proiect de amploare care \u00ee\u0219i propune s\u0103 consolideze scena local\u0103 de art\u0103 contemporan\u0103 \u0219i antreprenoriatul cultural printr-o serie de expozi\u021bii \u0219i evenimente colaterale.<\/span><\/p>\n<p>&nbsp;<\/p>\n<p><span style=\"font-weight: 400;\" data-msize=\"18px\" data-tsize=\"18px\"><span style=\"font-size: 18px;\">Cea mai important\u0103 component\u0103 a proiectului este dezvoltarea seriei de expozi\u021bii ,,Despre Maestru \u0219i Medium, paradigma bipolarit\u0103\u021bii \u00een arta contemporan\u0103\u201d, care cuprinde nou\u0103 expozi\u021bii pe diferite teme \u2013 maestro \u0219i mediu \u00een arta contemporan\u0103, feminism, dialogul dintre artele performative \u0219i alte arte precum pictura \u0219i fotografia \u00een ultimele decenii. Programul expozi\u021bional care implic\u0103 arti\u0219ti \u0219i curatori interna\u021bionali \u0219i rom\u00e2ni este \u00eenso\u021bit de discu\u021bii live \u0219i o serie de workshop-uri online despre management \u0219i artist branding. De asemenea, un workshop este dedicate scenei artistice norvegiene, fiind sus\u021binut de VISP.<\/span> <\/span><\/p><\/div><\/div><\/div><\/div><\/div><\/div><div id=\"\" class=\"module col-12 module-id-166351980175226ogf\" data-module-col=\"12\"><div class=\"module-inside text-inside\" style=\"--top-mod: 0px;--bottom-mod: 40px;--top-mod-t: 0px;--bottom-mod-t: 40px;--top-mod-m:0px;--bottom-mod-m:20px;\" ><div class=\"text_block_out\"  data-effect=\"standard\" style=\"\"><div class=\"text_block ux-mod-nobg\"><div class=\"text_block_inn\"><div id=\"text-166351980175226ogf\" class=\"text_block_centered text_block_centered_enable_width\"  style=\"\"><p class=\" translation-block\"><b>Proiect finan\u021bat prin Granturile SEE 2014 \u2013 2021 \u00een cadrul Programului <span style=\"font-size: 18px\" data-msize=\"18px\" data-tsize=\"18px\"><a href=\"https:\/\/www.ro-cultura.ro\/\" target=\"_self\">RO-CULTURA<\/a>.<\/b><\/span><\/p>\n<p>&nbsp;<\/p>\n<p><span style=\"font-weight: 400; font-size: 18px;\" data-msize=\"18px\" data-tsize=\"18px\">Granturile SEE reprezint\u0103 contribu\u021bia Islandei, Principatului Liechtenstein \u0219i Regatului Norvegiei la reducerea disparit\u0103\u021bilor economice \u0219i sociale \u00een Spa\u021biul Economic European \u0219i la consolidarea rela\u021biilor bilaterale cu cele 15 state beneficiare din estul \u0219i sudul Europei \u0219i statele baltice.<\/span><\/p>\n<p><span style=\"font-size: 18px;\" data-msize=\"18px\" data-tsize=\"18px\"><span style=\"font-weight: 400;\">Aceste mecanisme de finan\u021bare sunt stabilite \u00een baza Acordului privind Spa\u021biul Economic European, ce reune\u0219te statele membre UE \u0219i Islanda, Liechtenstein \u0219i Norvegia ca parteneri egali pe pia\u021ba intern\u0103. \u00cen total, cele trei state au contribuit cu \u20ac3,3 miliarde \u00eentre 1994 \u0219i 2014 \u0219i \u20ac1,55 miliarde pentru perioada de finan\u021bare 2014-2021. Mai multe detalii sunt disponibile pe:&nbsp;<\/span><a href=\"https:\/\/eeagrants.org\/\"><span style=\"font-weight: 400;\">www.eeagrants.org<\/span><\/a><span style=\"font-weight: 400;\">&nbsp;and&nbsp;<\/span><a href=\"https:\/\/www.eeagrants.ro\/\"><span style=\"font-weight: 400;\">www.eeagrants.ro<\/span><\/a><\/span><\/p>\n<p>&nbsp;<\/p>\n<p><span style=\"font-size: 18px;\" data-msize=\"18px\" data-tsize=\"18px\"><a href=\"https:\/\/www.ro-cultura.ro\/\"><span style=\"font-weight: 400;\">RO-CULTURA<\/span><\/a><span style=\"font-weight: 400;\">&nbsp;este implementat de Ministerul Culturii prin Unitatea de Management a Proiectului \u0219i are ca obiectiv general consolidarea dezvolt\u0103rii economice \u0219i sociale prin cooperare cultural\u0103, antreprenoriat cultural \u0219i managementul patrimoniului cultural. Bugetul Programului este de aproximativ 34 milioane de euro. Mai multe detalii sunt disponibile pe&nbsp;<\/span><a href=\"http:\/\/www.ro-cultura.ro\/\"><span style=\"font-weight: 400;\">www.ro-cultura.ro<\/span><\/a><\/span><\/p><\/div><\/div><\/div><\/div><\/div><\/div><div id=\"\" class=\"module col-4 module-id-1678095314913\" data-module-col=\"4\"><div class=\"module-inside single-image-inside\" style=\"--top-mod: 0px;--bottom-mod: 0px;--top-mod-t: 0px;--bottom-mod-t: 0px;--top-mod-m:0px;--bottom-mod-m:0px;\" ><div class=\"single-image-out left-ux left-ux-m\"  ><figure class=\"single-image   single-image-notfull\" no><div class=\"ux-hover-wrap anima-wrap\" style=\"padding-top: 70.047732696897%;\"><a class=\"ux-hover-wrap-a\" href=\"https:\/\/eeagrants.org\/\" target=\"_blank\" rel=\" noopener noreferrer \"><img loading=\"lazy\" decoding=\"async\" alt=\"EEA_grants@2x\" class=\"single-image-img img1st lazy\" src=\"data:image\/gif;base64,R0lGODlhAQABAIAAAAAAAP\/\/\/yH5BAEAAAAALAAAAAABAAEAAAIBRAA7\" data-src=\"https:\/\/sector1gallery.com\/projects\/wp-content\/uploads\/2023\/03\/EEA_grants@2x.png\" data-srcset=\"https:\/\/sector1gallery.com\/projects\/wp-content\/uploads\/2023\/03\/EEA_grants@2x.png 838w, https:\/\/sector1gallery.com\/projects\/wp-content\/uploads\/2023\/03\/EEA_grants@2x-300x210.png 300w, https:\/\/sector1gallery.com\/projects\/wp-content\/uploads\/2023\/03\/EEA_grants@2x-768x538.png 768w, https:\/\/sector1gallery.com\/projects\/wp-content\/uploads\/2023\/03\/EEA_grants@2x-350x245.png 350w, https:\/\/sector1gallery.com\/projects\/wp-content\/uploads\/2023\/03\/EEA_grants@2x-650x455.png 650w, https:\/\/sector1gallery.com\/projects\/wp-content\/uploads\/2023\/03\/EEA_grants@2x-600x420.png 600w\" data-sizes=\"(max-width: 480px) 320px,(max-width: 767px) 500px,(max-width: 838px) 100vw, 838px\" width=\"838\" height=\"587\" \/><\/a><\/div><\/figure><\/div><\/div><\/div><div id=\"\" class=\"module col-4 module-id-16780954410713d_yY\" data-module-col=\"4\"><div class=\"module-inside single-image-inside\" style=\"--top-mod: 0px;--bottom-mod: 0px;--top-mod-t: 0px;--bottom-mod-t: 0px;--top-mod-m:0px;--bottom-mod-m:0px;\" ><div class=\"single-image-out singleimage-center-ux singleimage-center-ux-m\"  ><figure class=\"single-image   single-image-notfull\" no><div class=\"ux-hover-wrap anima-wrap\" style=\"padding-top: 34.718723761545%;\"><a class=\"ux-hover-wrap-a\" href=\"http:\/\/www.cultura.ro\/\" target=\"_blank\" rel=\" noopener noreferrer \"><img loading=\"lazy\" decoding=\"async\" alt=\"Logo MCIN\" class=\"single-image-img img1st lazy\" src=\"data:image\/gif;base64,R0lGODlhAQABAIAAAAAAAP\/\/\/yH5BAEAAAAALAAAAAABAAEAAAIBRAA7\" data-src=\"https:\/\/sector1gallery.com\/projects\/wp-content\/uploads\/2023\/03\/Logo-MCIN.png\" data-srcset=\"https:\/\/sector1gallery.com\/projects\/wp-content\/uploads\/2023\/03\/Logo-MCIN.png 2382w, https:\/\/sector1gallery.com\/projects\/wp-content\/uploads\/2023\/03\/Logo-MCIN-300x104.png 300w, https:\/\/sector1gallery.com\/projects\/wp-content\/uploads\/2023\/03\/Logo-MCIN-1024x356.png 1024w, https:\/\/sector1gallery.com\/projects\/wp-content\/uploads\/2023\/03\/Logo-MCIN-768x267.png 768w, https:\/\/sector1gallery.com\/projects\/wp-content\/uploads\/2023\/03\/Logo-MCIN-1536x533.png 1536w, https:\/\/sector1gallery.com\/projects\/wp-content\/uploads\/2023\/03\/Logo-MCIN-2048x711.png 2048w, https:\/\/sector1gallery.com\/projects\/wp-content\/uploads\/2023\/03\/Logo-MCIN-350x122.png 350w, https:\/\/sector1gallery.com\/projects\/wp-content\/uploads\/2023\/03\/Logo-MCIN-650x226.png 650w, https:\/\/sector1gallery.com\/projects\/wp-content\/uploads\/2023\/03\/Logo-MCIN-1000x347.png 1000w, https:\/\/sector1gallery.com\/projects\/wp-content\/uploads\/2023\/03\/Logo-MCIN-2000x694.png 2000w, https:\/\/sector1gallery.com\/projects\/wp-content\/uploads\/2023\/03\/Logo-MCIN-600x208.png 600w\" data-sizes=\"(max-width: 480px) 320px,(max-width: 767px) 500px,(max-width: 2382px) 100vw, 2382px\" width=\"2382\" height=\"827\" \/><\/a><\/div><\/figure><\/div><\/div><\/div><div id=\"\" class=\"module col-4 module-id-16780954451320Pd-l\" data-module-col=\"4\"><div class=\"module-inside single-image-inside\" style=\"--top-mod: 0px;--bottom-mod: 0px;--top-mod-t: 0px;--bottom-mod-t: 0px;--top-mod-m:0px;--bottom-mod-m:0px;\" ><div class=\"single-image-out right-ux right-ux-m\"  ><figure class=\"single-image   single-image-notfull\" no><div class=\"ux-hover-wrap anima-wrap\" style=\"padding-top: 37.9296875%;\"><a class=\"ux-hover-wrap-a\" href=\"https:\/\/www.umpcultura.ro\/\" target=\"_blank\" rel=\" noopener noreferrer \"><img loading=\"lazy\" decoding=\"async\" alt=\"UMP\" class=\"single-image-img img1st lazy\" src=\"data:image\/gif;base64,R0lGODlhAQABAIAAAAAAAP\/\/\/yH5BAEAAAAALAAAAAABAAEAAAIBRAA7\" data-src=\"https:\/\/sector1gallery.com\/projects\/wp-content\/uploads\/2023\/03\/UMP-scaled.jpg\" data-srcset=\"https:\/\/sector1gallery.com\/projects\/wp-content\/uploads\/2023\/03\/UMP-scaled.jpg 2560w, https:\/\/sector1gallery.com\/projects\/wp-content\/uploads\/2023\/03\/UMP-300x114.jpg 300w, https:\/\/sector1gallery.com\/projects\/wp-content\/uploads\/2023\/03\/UMP-1024x389.jpg 1024w, https:\/\/sector1gallery.com\/projects\/wp-content\/uploads\/2023\/03\/UMP-768x291.jpg 768w, https:\/\/sector1gallery.com\/projects\/wp-content\/uploads\/2023\/03\/UMP-1536x583.jpg 1536w, https:\/\/sector1gallery.com\/projects\/wp-content\/uploads\/2023\/03\/UMP-2048x777.jpg 2048w, https:\/\/sector1gallery.com\/projects\/wp-content\/uploads\/2023\/03\/UMP-350x133.jpg 350w, https:\/\/sector1gallery.com\/projects\/wp-content\/uploads\/2023\/03\/UMP-650x247.jpg 650w, https:\/\/sector1gallery.com\/projects\/wp-content\/uploads\/2023\/03\/UMP-1000x379.jpg 1000w, https:\/\/sector1gallery.com\/projects\/wp-content\/uploads\/2023\/03\/UMP-2000x759.jpg 2000w, https:\/\/sector1gallery.com\/projects\/wp-content\/uploads\/2023\/03\/UMP-600x228.jpg 600w\" data-sizes=\"(max-width: 480px) 320px,(max-width: 767px) 500px,(max-width: 2560px) 100vw, 2560px\" width=\"2560\" height=\"971\" \/><\/a><\/div><\/figure><\/div><\/div><\/div><\/div>","protected":false},"excerpt":{"rendered":"<p>About the projectProject promoter:&nbsp;ARTE VENTURE PRODUCTION \u2013 Sector 1 Gallery &hellip;<\/p>","protected":false},"author":2,"featured_media":0,"parent":0,"menu_order":0,"comment_status":"closed","ping_status":"closed","template":"","meta":{"inline_featured_image":false,"footnotes":""},"class_list":["post-354","page","type-page","status-publish","hentry"],"_links":{"self":[{"href":"http:\/\/sector1gallery.com\/projects\/ro\/wp-json\/wp\/v2\/pages\/354","targetHints":{"allow":["GET"]}}],"collection":[{"href":"http:\/\/sector1gallery.com\/projects\/ro\/wp-json\/wp\/v2\/pages"}],"about":[{"href":"http:\/\/sector1gallery.com\/projects\/ro\/wp-json\/wp\/v2\/types\/page"}],"author":[{"embeddable":true,"href":"http:\/\/sector1gallery.com\/projects\/ro\/wp-json\/wp\/v2\/users\/2"}],"replies":[{"embeddable":true,"href":"http:\/\/sector1gallery.com\/projects\/ro\/wp-json\/wp\/v2\/comments?post=354"}],"version-history":[{"count":4,"href":"http:\/\/sector1gallery.com\/projects\/ro\/wp-json\/wp\/v2\/pages\/354\/revisions"}],"predecessor-version":[{"id":486,"href":"http:\/\/sector1gallery.com\/projects\/ro\/wp-json\/wp\/v2\/pages\/354\/revisions\/486"}],"wp:attachment":[{"href":"http:\/\/sector1gallery.com\/projects\/ro\/wp-json\/wp\/v2\/media?parent=354"}],"curies":[{"name":"wp","href":"https:\/\/api.w.org\/{rel}","templated":true}]}}